{"id":3162,"date":"2020-07-29T10:28:09","date_gmt":"2020-07-29T10:28:09","guid":{"rendered":"https:\/\/demo.creativethemes.com\/blocksy\/blog\/?page_id=3162"},"modified":"2021-05-11T10:46:11","modified_gmt":"2021-05-11T08:46:11","slug":"contact","status":"publish","type":"page","link":"https:\/\/tidjaniya.com\/fr\/contact\/","title":{"rendered":"Contact"},"content":{"rendered":"\n<div class=\"alignfull wp-block-ugb-header ugb-header ugb-c0e9881 ugb-header ugb-header--v3 ugb-header--design-plain ugb-main-block ugb--has-custom-content-width ugb-main-block--inner-wide ugb--has-block-background ugb--has-background-overlay\"><style>.ugb-c0e9881 .ugb-header__title{font-size:55px !important;font-weight:900 !important;color:var(--theme-palette-color-5,#ffffff)}.ugb-c0e9881.ugb-header{background-color:#ffffff;background-image:url(https:\/\/tidjaniya.com\/fr\/wp-content\/uploads\/2021\/04\/zawiya-lyon-scaled.jpg)}.ugb-c0e9881.ugb-header > .ugb-inner-block{min-width:auto !important;max-width:750px !important}.ugb-c0e9881.ugb-header:before{background-color:#ffffff;opacity:0}@media screen and (max-width:1025px){.ugb-c0e9881 .ugb-header__title{font-size:40px !important}}@media screen and (min-width:768px) and (max-width:1025px){.ugb-c0e9881.ugb-header{padding-top:0px !important;padding-bottom:0px !important}}@media screen and (max-width:768px){.ugb-c0e9881.ugb-header{padding-top:0px !important;padding-bottom:0px !important}}<\/style><div class=\"ugb-inner-block ugb-inner-block--wide\"><div class=\"ugb-block-content\"><div class=\"ugb-header__item\"><div class=\"ugb-content-wrapper\"><h1 class=\"ugb-header__title\">Contact<\/h1><\/div><\/div><\/div><\/div><\/div>\n\n\n\n<div class=\"wp-block-ugb-feature-grid ugb-feature-grid ugb-aa46371 ugb-feature-grid--v2 ugb-feature-grid--columns-3 ugb-feature-grid--design-basic ugb-main-block\"><style>.ugb-aa46371 .ugb-feature-grid__item{background-color:#f8f9fb !important}.ugb-aa46371 .ugb-feature-grid__item:before{background-color:#f8f9fb !important}.ugb-aa46371 .ugb-img,.ugb-aa46371 .ugb-feature-grid__image{margin-left:auto !important;margin-right:auto !important}.ugb-aa46371 .ugb-feature-grid__title{text-align:center}.ugb-aa46371 .ugb-feature-grid__description{text-align:center}.ugb-aa46371 .ugb-inner-block{text-align:center}.ugb-aa46371 .ugb-block-description{max-width:600px !important;margin-left:auto !important;margin-right:auto !important}@media screen and (min-width:768px){.ugb-aa46371.ugb-feature-grid{margin-top:130px !important}}@media screen and (min-width:768px) and (max-width:1025px){.ugb-aa46371.ugb-feature-grid{margin-top:80px !important}}<\/style><div class=\"ugb-inner-block\"><h3 class=\"ugb-block-title ugb-block-title--with-subtitle\"><strong>Zawiya Tidjaniya El Koubra d&rsquo;Europe<\/strong><\/h3><p class=\"ugb-block-description\">L&rsquo;ensemble des fr\u00e8res de la Zawiya vous saluent.<\/p><div class=\"ugb-block-content\"><div class=\"ugb-feature-grid__item ugb-feature-grid__item1 ugb--shadow-0\"><div class=\"ugb-feature-grid__image\"><img loading=\"lazy\" decoding=\"async\" width=\"80\" height=\"80\" class=\"ugb-img wp-image-3780\" src=\"https:\/\/tidjaniya.com\/fr\/wp-content\/uploads\/2021\/05\/placeholder80x80.png\" alt=\"Physical Address\"\/><\/div><div class=\"ugb-feature-grid__content\"><h5 class=\"ugb-feature-grid__title\">Addresse<\/h5><p class=\"ugb-feature-grid__description\">Lyon, France<\/p><\/div><\/div><div class=\"ugb-feature-grid__item ugb-feature-grid__item2 ugb--shadow-0\"><div class=\"ugb-feature-grid__image\"><img loading=\"lazy\" decoding=\"async\" width=\"80\" height=\"80\" class=\"ugb-img wp-image-3781\" src=\"https:\/\/tidjaniya.com\/fr\/wp-content\/uploads\/2021\/05\/paper-plane80x80.png\" alt=\"Email Address\"\/><\/div><div class=\"ugb-feature-grid__content\"><h5 class=\"ugb-feature-grid__title\">Adresse Email<\/h5><p class=\"ugb-feature-grid__description\">contact@tidjaniya.com<\/p><\/div><\/div><div class=\"ugb-feature-grid__item ugb-feature-grid__item3 ugb--shadow-0\"><div class=\"ugb-feature-grid__image\"><img loading=\"lazy\" decoding=\"async\" width=\"80\" height=\"80\" class=\"ugb-img wp-image-3782\" src=\"https:\/\/tidjaniya.com\/fr\/wp-content\/uploads\/2021\/05\/phone-call80x80.png\" alt=\"Phone Number\"\/><\/div><div class=\"ugb-feature-grid__content\"><h5 class=\"ugb-feature-grid__title\">T\u00e9l\u00e9phone<\/h5><p class=\"ugb-feature-grid__description\">+33478674258<\/p><\/div><\/div><\/div><\/div><\/div>\n\n\n\n<div class=\"wp-block-ugb-columns ugb-columns ugb-fe5ce0c ugb-columns--design-plain ugb-columns--columns-2 ugb-main-block\"><style>.ugb-fe5ce0c-content-wrapper > .ugb-column{align-items:center !important}.ugb-fe5ce0c-content-wrapper > .ugb-column > .ugb-inner-block{height:auto !important}@media screen and (min-width:768px){.ugb-fe5ce0c.ugb-columns{margin-top:130px !important}}@media screen and (min-width:768px) and (max-width:1025px){.ugb-fe5ce0c.ugb-columns{margin-top:80px !important}}<\/style><div class=\"ugb-inner-block\"><div class=\"ugb-block-content\"><div class=\"ugb-columns__item ugb-fe5ce0c-content-wrapper\">\n<div class=\"wp-block-ugb-column ugb-column ugb-0f627c8 ugb-column--design-plain ugb-main-block\"><div class=\"ugb-inner-block\"><div class=\"ugb-block-content\"><div class=\"ugb-column__item ugb-0f627c8-column-wrapper\"><div class=\"ugb-column__content-wrapper\">\n<figure class=\"wp-block-image size-large\"><img loading=\"lazy\" decoding=\"async\" width=\"1001\" height=\"1024\" src=\"https:\/\/tidjaniya.com\/fr\/wp-content\/uploads\/2021\/04\/Sidi-Mohammed-El-Mansour-El-Mohieddine-Tidjani-1-1001x1024.jpg\" alt=\"\" class=\"wp-image-3653\" srcset=\"https:\/\/tidjaniya.com\/fr\/wp-content\/uploads\/2021\/04\/Sidi-Mohammed-El-Mansour-El-Mohieddine-Tidjani-1-1001x1024.jpg 1001w, https:\/\/tidjaniya.com\/fr\/wp-content\/uploads\/2021\/04\/Sidi-Mohammed-El-Mansour-El-Mohieddine-Tidjani-1-293x300.jpg 293w, https:\/\/tidjaniya.com\/fr\/wp-content\/uploads\/2021\/04\/Sidi-Mohammed-El-Mansour-El-Mohieddine-Tidjani-1-768x786.jpg 768w, https:\/\/tidjaniya.com\/fr\/wp-content\/uploads\/2021\/04\/Sidi-Mohammed-El-Mansour-El-Mohieddine-Tidjani-1.jpg 1046w\" sizes=\"auto, (max-width: 1001px) 100vw, 1001px\" \/><figcaption><strong>Le pauvre serviteur en Allah et disciple de Cheikh Ahmed Tidjani <\/strong><br><strong>(qu&rsquo;ALLAH sanctifie son pr\u00e9cieux secret),<\/strong><br><strong>Mohammed El Mansour El Mohieddine Tidjani<\/strong><\/figcaption><\/figure>\n<\/div><\/div><\/div><\/div><\/div>\n\n\n\n<div class=\"wp-block-ugb-column ugb-column ugb-51cbc3b ugb-column--design-plain ugb-main-block\"><div class=\"ugb-inner-block\"><div class=\"ugb-block-content\"><div class=\"ugb-column__item ugb-51cbc3b-column-wrapper\"><div class=\"ugb-column__content-wrapper\">\n<h4 class=\"wp-block-heading\">Nous Contacter<\/h4>\n\n\n\n<p>Vous pouvez nous contacter pour toute question, en particulier sur la Tariqa Tidjaniya. <br><a href=\"https:\/\/tidjaniya.com\/fr\/fiqh-question\/poser-question-fiqh\/\" target=\"_blank\" rel=\"noreferrer noopener\" style=\"text-decoration: none;\">Merci de bien noter que les Questions sur le Fiqh doivent \u00eatre pos\u00e9es dans la rubrique d\u00e9di\u00e9e \u00e0 cela.<\/a> <br>Les d\u00e9lais de r\u00e9ponses peuvent \u00eatre longs.<\/p>\n\n\n<div class=\"wpforms-container wpforms-container-full wpforms-block\" id=\"wpforms-3525\"><form id=\"wpforms-form-3525\" class=\"wpforms-validate wpforms-form\" data-formid=\"3525\" method=\"post\" enctype=\"multipart\/form-data\" action=\"\/fr\/wp-json\/wp\/v2\/pages\/3162\" data-token=\"7bddac2555d9c79e5be4b554f68dfed6\" data-token-time=\"1777402830\"><noscript class=\"wpforms-error-noscript\">Veuillez activer JavaScript dans votre navigateur pour remplir ce formulaire.<\/noscript><div class=\"wpforms-field-container\"><div id=\"wpforms-3525-field_0-container\" class=\"wpforms-field wpforms-field-name\" data-field-id=\"0\"><label class=\"wpforms-field-label\">Nom <span class=\"wpforms-required-label\">*<\/span><\/label><div class=\"wpforms-field-row wpforms-field-medium\"><div class=\"wpforms-field-row-block wpforms-first wpforms-one-half\"><input type=\"text\" id=\"wpforms-3525-field_0\" class=\"wpforms-field-name-first wpforms-field-required\" name=\"wpforms[fields][0][first]\" required><label for=\"wpforms-3525-field_0\" class=\"wpforms-field-sublabel after\">Pr\u00e9nom<\/label><\/div><div class=\"wpforms-field-row-block wpforms-one-half\"><input type=\"text\" id=\"wpforms-3525-field_0-last\" class=\"wpforms-field-name-last wpforms-field-required\" name=\"wpforms[fields][0][last]\" required><label for=\"wpforms-3525-field_0-last\" class=\"wpforms-field-sublabel after\">Nom<\/label><\/div><\/div><\/div><div id=\"wpforms-3525-field_1-container\" class=\"wpforms-field wpforms-field-email\" data-field-id=\"1\"><label class=\"wpforms-field-label\" for=\"wpforms-3525-field_1\">E-mail <span class=\"wpforms-required-label\">*<\/span><\/label><input type=\"email\" id=\"wpforms-3525-field_1\" class=\"wpforms-field-medium wpforms-field-required\" name=\"wpforms[fields][1]\" spellcheck=\"false\" required><div class=\"wpforms-field-description\">Merci de bien v\u00e9rifier l&rsquo;exactitude de votre email.<\/div><\/div><div id=\"wpforms-3525-field_5-container\" class=\"wpforms-field wpforms-field-text\" data-field-id=\"5\"><label class=\"wpforms-field-label\" for=\"wpforms-3525-field_5\">Ville <span class=\"wpforms-required-label\">*<\/span><\/label><input type=\"text\" id=\"wpforms-3525-field_5\" class=\"wpforms-field-medium wpforms-field-required\" name=\"wpforms[fields][5]\" required><\/div><div id=\"wpforms-3525-field_6-container\" class=\"wpforms-field wpforms-field-text\" data-field-id=\"6\"><label class=\"wpforms-field-label\" for=\"wpforms-3525-field_6\">Pays <span class=\"wpforms-required-label\">*<\/span><\/label><input type=\"text\" id=\"wpforms-3525-field_6\" class=\"wpforms-field-medium wpforms-field-required\" name=\"wpforms[fields][6]\" required><\/div><div id=\"wpforms-3525-field_4-container\" class=\"wpforms-field wpforms-field-radio\" data-field-id=\"4\"><label class=\"wpforms-field-label\">Disciple de la Tidjaniya ? <span class=\"wpforms-required-label\">*<\/span><\/label><ul id=\"wpforms-3525-field_4\" class=\"wpforms-field-required\"><li class=\"choice-1 depth-1\"><input type=\"radio\" id=\"wpforms-3525-field_4_1\" name=\"wpforms[fields][4]\" value=\"Oui\" required ><label class=\"wpforms-field-label-inline\" for=\"wpforms-3525-field_4_1\">Oui<\/label><\/li><li class=\"choice-2 depth-1\"><input type=\"radio\" id=\"wpforms-3525-field_4_2\" name=\"wpforms[fields][4]\" value=\"Non\" required ><label class=\"wpforms-field-label-inline\" for=\"wpforms-3525-field_4_2\">Non<\/label><\/li><\/ul><\/div><div id=\"wpforms-3525-field_2-container\" class=\"wpforms-field wpforms-field-textarea\" data-field-id=\"2\"><label class=\"wpforms-field-label\" for=\"wpforms-3525-field_2\">Message <span class=\"wpforms-required-label\">*<\/span><\/label><textarea id=\"wpforms-3525-field_2\" class=\"wpforms-field-large wpforms-field-required\" name=\"wpforms[fields][2]\" required><\/textarea><\/div><\/div><!-- .wpforms-field-container --><div class=\"wpforms-recaptcha-container wpforms-is-recaptcha wpforms-is-recaptcha-type-v2\" ><div class=\"g-recaptcha\" data-sitekey=\"6Le0MFYUAAAAAIA_I-HFYHH4LQRI0KbZ2ZULjH_I\"><\/div><input type=\"text\" name=\"g-recaptcha-hidden\" class=\"wpforms-recaptcha-hidden\" style=\"position:absolute!important;clip:rect(0,0,0,0)!important;height:1px!important;width:1px!important;border:0!important;overflow:hidden!important;padding:0!important;margin:0!important;\" data-rule-recaptcha=\"1\"><\/div><div class=\"wpforms-submit-container\" ><input type=\"hidden\" name=\"wpforms[id]\" value=\"3525\"><input type=\"hidden\" name=\"page_title\" value=\"\"><input type=\"hidden\" name=\"page_url\" value=\"https:\/\/tidjaniya.com\/fr\/wp-json\/wp\/v2\/pages\/3162\"><input type=\"hidden\" name=\"url_referer\" value=\"\"><button type=\"submit\" name=\"wpforms[submit]\" id=\"wpforms-submit-3525\" class=\"wpforms-submit\" data-alt-text=\"Envoi...\" data-submit-text=\"Envoyer\" aria-live=\"assertive\" value=\"wpforms-submit\">Envoyer<\/button><\/div><\/form><\/div>  <!-- .wpforms-container --><\/div><\/div><\/div><\/div><\/div>\n<\/div><\/div><\/div><\/div>\n\n\n\n<p><\/p>\n","protected":false},"excerpt":{"rendered":"<p>Contact Zawiya Tidjaniya El Koubra d&rsquo;Europe L&rsquo;ensemble des fr\u00e8res de la Zawiya vous saluent. Addresse Lyon, France Adresse Email contact@tidjaniya.com T\u00e9l\u00e9phone +33478674258 Nous Contacter Vous pouvez nous contacter pour toute question, en particulier sur la Tariqa Tidjaniya. Merci de bien noter que les Questions sur le Fiqh doivent \u00eatre pos\u00e9es dans la rubrique d\u00e9di\u00e9e \u00e0 [&hellip;]<\/p>\n","protected":false},"author":1,"featured_media":3653,"parent":0,"menu_order":0,"comment_status":"closed","ping_status":"closed","template":"","meta":{"_uag_custom_page_level_css":"","footnotes":""},"class_list":["post-3162","page","type-page","status-publish","has-post-thumbnail","hentry"],"blocksy_meta":{"page_title_panel":"","has_hero_section":"disabled","e7051b430ba01e5eec6ad0c583187860":"","hero_section":"type-1","hero_elements":[{"id":"custom_title","enabled":true,"heading_tag":"h1","title":"Home"},{"id":"custom_description","enabled":true,"description_visibility":{"desktop":true,"tablet":true,"mobile":false}},{"id":"custom_meta","enabled":false,"meta_elements":[{"id":"author","enabled":true,"label":"By","has_author_avatar":"yes","avatar_size":25},{"id":"post_date","enabled":true,"label":"On","date_format_source":"default","date_format":"M j, Y"},{"id":"comments","enabled":true}],"page_meta_elements":{"joined":true,"articles_count":true,"comments":true}},{"id":"breadcrumbs","enabled":false}],"7f5851bb794b68042bb93db2d22b8737":"","hero_alignment1":"left","hero_alignment2":"center","hero_vertical_alignment":"center","b550823cd3036ffb86c839c7926bd0eb":"","hero_structure":"narrow","fb781698d03fc8612f8616e24fab813a":"","page_title_bg_type":"featured_image","custom_hero_background":{"attachment_id":null},"parallax":{"desktop":false,"tablet":false,"mobile":false},"460bdca06e0e8f6233bb753ff609b92e":"","hero_height":"230px","pageTitleFont":{"family":"Default","variation":"Default","size":{"desktop":"32px","tablet":"30px","mobile":"25px"},"line-height":"1.3","letter-spacing":"CT_CSS_SKIP_RULE","text-transform":"CT_CSS_SKIP_RULE","text-decoration":"CT_CSS_SKIP_RULE"},"pageTitleFontColor":{"default":{"color":"CT_CSS_SKIP_RULEDEFAULT"}},"pageMetaFont":{"family":"Default","variation":"n6","size":{"desktop":"12px","tablet":"12px","mobile":"12px"},"line-height":"1.3","letter-spacing":"CT_CSS_SKIP_RULE","text-transform":"uppercase","text-decoration":"CT_CSS_SKIP_RULE"},"pageMetaFontColor":{"default":{"color":"CT_CSS_SKIP_RULEDEFAULT"},"hover":{"color":"CT_CSS_SKIP_RULEDEFAULT"}},"pageExcerptFont":{"family":"Default","variation":"n5","size":"CT_CSS_SKIP_RULE","line-height":"CT_CSS_SKIP_RULE","letter-spacing":"CT_CSS_SKIP_RULE","text-transform":"CT_CSS_SKIP_RULE","text-decoration":"CT_CSS_SKIP_RULE"},"pageExcerptColor":{"default":{"color":"CT_CSS_SKIP_RULEDEFAULT"}},"breadcrumbsFont":{"family":"Default","variation":"n6","size":"12px","line-height":"CT_CSS_SKIP_RULE","letter-spacing":"CT_CSS_SKIP_RULE","text-transform":"uppercase","text-decoration":"CT_CSS_SKIP_RULE"},"breadcrumbsFontColor":{"default":{"color":"CT_CSS_SKIP_RULEDEFAULT"},"initial":{"color":"CT_CSS_SKIP_RULEDEFAULT"},"hover":{"color":"CT_CSS_SKIP_RULEDEFAULT"}},"pageTitleOverlay":{"default":{"color":"rgba(41, 51, 60, 0.2)"}},"pageTitleBackground":{"background_type":"color","background_pattern":"type-1","background_image":{"attachment_id":null,"x":0,"y":0},"gradient":"linear-gradient(135deg,rgba(6,147,227,1) 0%,rgb(155,81,224) 100%)","background_repeat":"no-repeat","background_size":"auto","background_attachment":"scroll","patternColor":{"default":{"color":"#e5e7ea"}},"overlayColor":{"default":{"color":"CT_CSS_SKIP_RULE"}},"backgroundColor":{"default":{"color":"#EDEFF2"}}},"03c0feb20c7e1efc05c317b700e50f59":"","page_structure_type":"default","content_style":"inherit","vertical_spacing_source":"custom","content_area_spacing":"bottom","background":{"background_type":"color","background_pattern":"type-1","background_image":{"attachment_id":null,"x":0,"y":0},"gradient":"linear-gradient(135deg,rgba(6,147,227,1) 0%,rgb(155,81,224) 100%)","background_repeat":"no-repeat","background_size":"auto","background_attachment":"scroll","patternColor":{"default":{"color":"#e5e7ea"}},"overlayColor":{"default":{"color":"CT_CSS_SKIP_RULE"}},"backgroundColor":{"default":{"color":"CT_CSS_SKIP_RULE"}}},"content_background":{"background_type":"color","background_pattern":"type-1","background_image":{"attachment_id":null,"x":0,"y":0},"gradient":"linear-gradient(135deg,rgba(6,147,227,1) 0%,rgb(155,81,224) 100%)","background_repeat":"no-repeat","background_size":"auto","background_attachment":"scroll","patternColor":{"default":{"color":"#e5e7ea"}},"overlayColor":{"default":{"color":"CT_CSS_SKIP_RULE"}},"backgroundColor":{"default":{"color":"#ffffff"}}},"content_boxed_spacing":{"desktop":"40px","tablet":"35px","mobile":"20px"},"content_boxed_radius":{"top":"3px","bottom":"3px","left":"3px","right":"3px","linked":true},"content_boxed_shadow":{"inherit":false,"blur":18,"spread":-6,"v_offset":12,"h_offset":0,"inset":false,"enable":true,"color":{"color":"rgba(34, 56, 101, 0.04)"}},"7b34bc4a52487138bda5e8bab7c494b1":"","disable_featured_image":"yes","disable_header":"no","disable_footer":"no","06c1cb7b00930bde2020ff936ba9baa6":"","348ddf48f7d823d94c2bc20cba339b86":"","hero_margin":{"desktop":50,"tablet":30,"mobile":30},"9a355b954dbfb2a01a69948b15f66dcd":"","f559fc07f547e8d616ea7738c8607787":"","bcd4f1f1dae328e34dcb0bf3b8902cc5":"","pageTitlePadding":{"top":"50px","bottom":"50px","left":"auto","right":"auto","linked":true},"cebd9318bc8aa0e96f3dffc79339ff53":"","boxed_content_spacing":{"desktop":{"top":"40px","bottom":"40px","left":"40px","right":"40px","linked":true},"tablet":{"top":"35px","bottom":"35px","left":"35px","right":"35px","linked":true},"mobile":{"top":"20px","bottom":"20px","left":"20px","right":"20px","linked":true}},"2cd3b43579c246878f526b39872f5153":""},"featured_image_urls_v2":{"full":["https:\/\/tidjaniya.com\/fr\/wp-content\/uploads\/2021\/04\/Sidi-Mohammed-El-Mansour-El-Mohieddine-Tidjani-1.jpg",1046,1070,false],"thumbnail":["https:\/\/tidjaniya.com\/fr\/wp-content\/uploads\/2021\/04\/Sidi-Mohammed-El-Mansour-El-Mohieddine-Tidjani-1-150x150.jpg",150,150,true],"medium":["https:\/\/tidjaniya.com\/fr\/wp-content\/uploads\/2021\/04\/Sidi-Mohammed-El-Mansour-El-Mohieddine-Tidjani-1-293x300.jpg",293,300,true],"medium_large":["https:\/\/tidjaniya.com\/fr\/wp-content\/uploads\/2021\/04\/Sidi-Mohammed-El-Mansour-El-Mohieddine-Tidjani-1-768x786.jpg",768,786,true],"large":["https:\/\/tidjaniya.com\/fr\/wp-content\/uploads\/2021\/04\/Sidi-Mohammed-El-Mansour-El-Mohieddine-Tidjani-1-1001x1024.jpg",1001,1024,true],"1536x1536":["https:\/\/tidjaniya.com\/fr\/wp-content\/uploads\/2021\/04\/Sidi-Mohammed-El-Mansour-El-Mohieddine-Tidjani-1.jpg",1046,1070,false],"2048x2048":["https:\/\/tidjaniya.com\/fr\/wp-content\/uploads\/2021\/04\/Sidi-Mohammed-El-Mansour-El-Mohieddine-Tidjani-1.jpg",1046,1070,false]},"post_excerpt_stackable_v2":"<p>Contact Zawiya Tidjaniya El Koubra d&rsquo;EuropeL&rsquo;ensemble des fr\u00e8res de la Zawiya vous saluent.AddresseLyon, FranceAdresse Emailcontact@tidjaniya.comT\u00e9l\u00e9phone+33478674258 Le pauvre serviteur en Allah et disciple de Cheikh Ahmed Tidjani (qu&rsquo;ALLAH sanctifie son pr\u00e9cieux secret),Mohammed El Mansour El Mohieddine Tidjani Nous Contacter Vous pouvez nous contacter pour toute question, en particulier sur la Tariqa Tidjaniya. Merci de bien noter que les Questions sur le Fiqh doivent \u00eatre pos\u00e9es dans la rubrique d\u00e9di\u00e9e \u00e0 cela. Les d\u00e9lais de r\u00e9ponses peuvent \u00eatre longs. Veuillez activer JavaScript dans votre navigateur pour remplir ce formulaire.Nom *Pr\u00e9nomNomE-mail *Merci de bien v\u00e9rifier l&rsquo;exactitude de votre email.Ville *Pays *Disciple de la\u2026<\/p>\n","category_list_v2":"","author_info_v2":{"name":"webmastertidjaniyafrancais","url":"https:\/\/tidjaniya.com\/fr\/author\/webmastertidjaniyafrancais\/"},"comments_num_v2":"0 commentaire","uagb_featured_image_src":{"full":["https:\/\/tidjaniya.com\/fr\/wp-content\/uploads\/2021\/04\/Sidi-Mohammed-El-Mansour-El-Mohieddine-Tidjani-1.jpg",1046,1070,false],"thumbnail":["https:\/\/tidjaniya.com\/fr\/wp-content\/uploads\/2021\/04\/Sidi-Mohammed-El-Mansour-El-Mohieddine-Tidjani-1-150x150.jpg",150,150,true],"medium":["https:\/\/tidjaniya.com\/fr\/wp-content\/uploads\/2021\/04\/Sidi-Mohammed-El-Mansour-El-Mohieddine-Tidjani-1-293x300.jpg",293,300,true],"medium_large":["https:\/\/tidjaniya.com\/fr\/wp-content\/uploads\/2021\/04\/Sidi-Mohammed-El-Mansour-El-Mohieddine-Tidjani-1-768x786.jpg",768,786,true],"large":["https:\/\/tidjaniya.com\/fr\/wp-content\/uploads\/2021\/04\/Sidi-Mohammed-El-Mansour-El-Mohieddine-Tidjani-1-1001x1024.jpg",1001,1024,true],"1536x1536":["https:\/\/tidjaniya.com\/fr\/wp-content\/uploads\/2021\/04\/Sidi-Mohammed-El-Mansour-El-Mohieddine-Tidjani-1.jpg",1046,1070,false],"2048x2048":["https:\/\/tidjaniya.com\/fr\/wp-content\/uploads\/2021\/04\/Sidi-Mohammed-El-Mansour-El-Mohieddine-Tidjani-1.jpg",1046,1070,false]},"uagb_author_info":{"display_name":"webmastertidjaniyafrancais","author_link":"https:\/\/tidjaniya.com\/fr\/author\/webmastertidjaniyafrancais\/"},"uagb_comment_info":0,"uagb_excerpt":"Contact Zawiya Tidjaniya El Koubra d&rsquo;Europe L&rsquo;ensemble des fr\u00e8res de la Zawiya vous saluent. Addresse Lyon, France Adresse Email contact@tidjaniya.com T\u00e9l\u00e9phone +33478674258 Nous Contacter Vous pouvez nous contacter pour toute question, en particulier sur la Tariqa Tidjaniya. Merci de bien noter que les Questions sur le Fiqh doivent \u00eatre pos\u00e9es dans la rubrique d\u00e9di\u00e9e \u00e0\u2026","_links":{"self":[{"href":"https:\/\/tidjaniya.com\/fr\/wp-json\/wp\/v2\/pages\/3162","targetHints":{"allow":["GET"]}}],"collection":[{"href":"https:\/\/tidjaniya.com\/fr\/wp-json\/wp\/v2\/pages"}],"about":[{"href":"https:\/\/tidjaniya.com\/fr\/wp-json\/wp\/v2\/types\/page"}],"author":[{"embeddable":true,"href":"https:\/\/tidjaniya.com\/fr\/wp-json\/wp\/v2\/users\/1"}],"replies":[{"embeddable":true,"href":"https:\/\/tidjaniya.com\/fr\/wp-json\/wp\/v2\/comments?post=3162"}],"version-history":[{"count":14,"href":"https:\/\/tidjaniya.com\/fr\/wp-json\/wp\/v2\/pages\/3162\/revisions"}],"predecessor-version":[{"id":3783,"href":"https:\/\/tidjaniya.com\/fr\/wp-json\/wp\/v2\/pages\/3162\/revisions\/3783"}],"wp:featuredmedia":[{"embeddable":true,"href":"https:\/\/tidjaniya.com\/fr\/wp-json\/wp\/v2\/media\/3653"}],"wp:attachment":[{"href":"https:\/\/tidjaniya.com\/fr\/wp-json\/wp\/v2\/media?parent=3162"}],"curies":[{"name":"wp","href":"https:\/\/api.w.org\/{rel}","templated":true}]}}