{"id":3725,"date":"2021-05-03T02:49:19","date_gmt":"2021-05-03T00:49:19","guid":{"rendered":"https:\/\/tidjaniya.com\/fr\/?page_id=3725"},"modified":"2025-03-20T02:04:20","modified_gmt":"2025-03-20T01:04:20","slug":"tidjaniya-com-site-officiel-de-la-tariqa-tidjaniya","status":"publish","type":"page","link":"https:\/\/tidjaniya.com\/fr\/tidjaniya-com-site-officiel-de-la-tariqa-tidjaniya\/","title":{"rendered":"TIDJANIYA.COM, Site Officiel de la Tariqa Tidjaniya"},"content":{"rendered":"<div class=\"n2_clear\"><ss3-force-full-width data-overflow-x=\"body\" data-horizontal-selector=\"body\"><div class=\"n2-section-smartslider fitvidsignore  n2_clear\" data-ssid=\"21\" tabindex=\"0\" role=\"region\" aria-label=\"Slider\"><div id=\"n2-ss-21-align\" class=\"n2-ss-align\"><div class=\"n2-padding\"><div id=\"n2-ss-21\" data-creator=\"Smart Slider 3\" data-responsive=\"fullwidth\" class=\"n2-ss-slider n2-ow n2-has-hover n2notransition  n2-ss-feature-post-bg-loader\">\n        <div class=\"n2-ss-slider-1 n2_ss__touch_element n2-ow\">\n            <div class=\"n2-ss-slider-2 n2-ow\">\n                                                    <div class=\"n2-ss-background-animation n2-ow\"><\/div>\n                                <div class=\"n2-ss-slider-3 n2-ow\">\n\n                    <div class=\"n2-ss-slide-backgrounds n2-ow-all\"><div class=\"n2-ss-slide-background\" data-public-id=\"1\" data-mode=\"fill\"><div class=\"n2-ss-slide-background-image\" data-blur=\"0\" data-opacity=\"100\" data-x=\"34\" data-y=\"55\" data-alt=\"\" data-title=\"\" style=\"--ss-o-pos-x:34%;--ss-o-pos-y:55%\"><picture class=\"skip-lazy\" data-skip-lazy=\"1\"><img decoding=\"async\" src=\"\/\/tidjaniya.com\/fr\/wp-content\/uploads\/2021\/05\/zawiya-fes-2.jpg\" alt=\"\" title=\"\" loading=\"lazy\" class=\"skip-lazy\" data-skip-lazy=\"1\"><\/picture><\/div><div data-color=\"RGBA(255,255,255,0)\" style=\"background-color: RGBA(255,255,255,0);\" class=\"n2-ss-slide-background-color\"><\/div><\/div><\/div>                    <div class=\"n2-ss-slider-4 n2-ow\">\n                        <svg xmlns=\"http:\/\/www.w3.org\/2000\/svg\" viewBox=\"0 0 1200 550\" data-related-device=\"desktopPortrait\" class=\"n2-ow n2-ss-preserve-size n2-ss-preserve-size--slider n2-ss-slide-limiter\"><\/svg><div data-first=\"1\" data-slide-duration=\"0\" data-id=\"87\" data-slide-public-id=\"1\" data-title=\"Slide 1\" class=\"n2-ss-slide n2-ow  n2-ss-slide-87\"><div role=\"note\" class=\"n2-ss-slide--focus\" tabindex=\"-1\">Slide 1<\/div><div class=\"n2-ss-layers-container n2-ss-slide-limiter n2-ow\"><div class=\"n2-ss-layer n2-ow n-uc-FZFjqkj9ZKBp\" data-sstype=\"slide\" data-pm=\"default\"><div class=\"n2-ss-layer n2-ow n-uc-faEmjoBPoP8J\" data-pm=\"default\" data-animv2=\"{&quot;specialZero&quot;:0,&quot;transformOrigin&quot;:&quot;50|*|50|*|0&quot;}\" data-sstype=\"content\" data-hasbackground=\"0\"><div class=\"n2-ss-section-main-content n2-ss-layer-with-background n2-ss-layer-content n2-ow n-uc-faEmjoBPoP8J-inner\"><div class=\"n2-ss-layer n2-ow n2-ss-layer--block n2-ss-has-self-align n2-ss-stretch-layer n-uc-caXcQIbxTAIf\" data-pm=\"normal\" data-animv2=\"{&quot;specialZero&quot;:0,&quot;transformOrigin&quot;:&quot;50|*|50|*|0&quot;}\" data-sstype=\"row\"><div class=\"n2-ss-layer-row n2-ss-layer-with-background n-uc-caXcQIbxTAIf-inner\"><div class=\"n2-ss-layer-row-inner \"><div class=\"n2-ss-layer n2-ow n-uc-E8mPKI2xV8g9\" data-pm=\"default\" data-sstype=\"col\"><div class=\"n2-ss-layer-col n2-ss-layer-with-background n2-ss-layer-content n-uc-E8mPKI2xV8g9-inner\"><div class=\"n2-ss-layer n2-ow n-uc-hNfx0lc4awnm\" data-pm=\"normal\" data-sstype=\"layer\"><div id=\"n2-ss-21item1\" class=\"n2-font-b5b3defccdd86c0776a1e48a6501f529-hover   n2-ss-item-content n2-ss-text n2-ow\" style=\"display:block;\">Tidjaniya.com<\/div><\/div><div class=\"n2-ss-layer n2-ow n-uc-geg08UMOMBlp\" data-pm=\"normal\" data-sstype=\"layer\"><div id=\"n2-ss-21item2\" class=\"n2-font-f4ad4e1be39e4954c298afc1882c1e98-hover   n2-ss-item-content n2-ss-text n2-ow\" style=\"display:block;\">SITE OFFICIEL<\/div><\/div><div class=\"n2-ss-layer n2-ow n-uc-WogZ7QoFz16K n2-ss-layer--need-height\" style=\"overflow:hidden;\" data-pm=\"normal\" data-animv2=\"{&quot;specialZero&quot;:0,&quot;transformOrigin&quot;:&quot;50|*|50|*|0&quot;,&quot;basic&quot;:{&quot;in&quot;:{&quot;keyFrames&quot;:[{&quot;x&quot;:400}]}}}\" data-sstype=\"layer\" data-animatableselector=\".n2-ss-layer-mask\"><div class=\"n2-ss-layer-mask n2-ss-layer-wrapper\"><div class=\"n2-ss-item-content n2-ow\" style=\"background-color: #33a370;background-color: RGBA(51,163,112,1);height:2px;\"><\/div><\/div><\/div><\/div><\/div><\/div><\/div><\/div><\/div><\/div><\/div><\/div><\/div>                    <\/div>\n\n                    <div id=\"n2-ss-21-shape-divider-top\" class=\"n2-ss-shape-divider n2-ss-shape-divider-top\" data-ss-sd-animate=\"0\" data-ss-sd-scroll=\"grow\" data-ss-sd-speed=\"100\" data-ss-sd-side=\"top\"><div class=\"n2-ss-shape-divider-inner\" style=\"transform:scaleY(0)\"><svg xmlns=\"http:\/\/www.w3.org\/2000\/svg\" viewBox=\"0 0 1920 120\" preserveAspectRatio=\"none\"> <path fill=\"RGBA(255,255,255,1)\" opacity=\"0.25\" d=\"M1920,0,0,120,0,0z\" duration=\"1\" delay=\"0\"><\/path> <path fill=\"RGBA(255,255,255,1)\" opacity=\"0.5\" d=\"M1920,0,0,80,0,0z\" duration=\"1\" delay=\"0.2\"><\/path> <path fill=\"RGBA(255,255,255,1)\" d=\"M1920,-2,1920,0,0,40,0,-2z\" duration=\"1\" delay=\"0.4\"><\/path><\/svg><\/div><\/div><div id=\"n2-ss-21-shape-divider-bottom\" class=\"n2-ss-shape-divider n2-ss-shape-divider-bottom\" data-ss-sd-animate=\"0\" data-ss-sd-scroll=\"shrink\" data-ss-sd-speed=\"100\" data-ss-sd-side=\"bottom\"><div class=\"n2-ss-shape-divider-inner\" style=\"transform:scaleY(0)\"><svg xmlns=\"http:\/\/www.w3.org\/2000\/svg\" viewBox=\"0 0 1920 120\" preserveAspectRatio=\"none\"> <path fill=\"RGBA(255,255,255,1)\" opacity=\"0.25\" d=\"M0,120,1920,0,1920,120z\" duration=\"1\" delay=\"0\"><\/path> <path fill=\"RGBA(255,255,255,1)\" opacity=\"0.5\" d=\"M0,120,1920,40,1920,120z\" duration=\"1\" delay=\"0.2\"><\/path> <path fill=\"RGBA(255,255,255,1)\" d=\"M0,122,0,120,1920,80,1920,122z\" duration=\"1\" delay=\"0.4\"><\/path><\/svg><\/div><\/div>                <\/div>\n            <\/div>\n        <\/div>\n        <\/div><ss3-loader><\/ss3-loader><\/div><\/div><div class=\"n2_clear\"><\/div><\/div><\/ss3-force-full-width><\/div>\n\n\n<p>Avec la b\u00e9n\u00e9diction et la coop\u00e9ration de la noble Famille Tidjani \u00e0 travers le monde :<\/p>\n\n\n\n<p>En Alg\u00e9rie<br>\u2022 L\u2019actuel Khalife mondial, Sidi Ch\u00e9rif Ali Bel \u2018Arbi Tidjani (A\u00efn Madhi).<br>\u2022 Ses deux illustres pr\u00e9d\u00e9cesseurs, Sidi Ch\u00e9rif El Hajj M\u2019hammed Tidjani et Sidi Ch\u00e9rif Abdeljabbar Tidjani (A\u00efn Madhi), qu\u2019Allah les agr\u00e9e.<br>\u2022 Sidi Ch\u00e9rif Mohamed El Habib Tidjani, fils a\u00een\u00e9 et assistant du pr\u00e9c\u00e9dent Khalife mondial (A\u00efn Madhi).<br>\u2022 Feu Sidi Ben Ramdhan, moqaddam et responsable d\u2019Abou Semghoune, sage et \u00e9rudit, qu\u2019Allah lui accorde Sa mis\u00e9ricorde.<\/p>\n\n\n\n<p>Au Maroc<br>\u2022 Sidi Ch\u00e9rif Mohammed El Kabir Tidjani, repr\u00e9sentant de la Tariqa Tidjaniya et de la Famille Tidjani au Maroc (Marrakech).<br>\u2022 Sidi Ch\u00e9rif Zoubir Tidjani et sa noble famille, gardiens de la majestueuse Zaouiya b\u00e9nie de F\u00e8s.<br>\u2022 Feu Sidi Ch\u00e9rif Bachir Tidjani et son fils, Sidi Ch\u00e9rif Mohammed Tahar Tidjani, ainsi que l\u2019ensemble de leur famille, d\u00e9vou\u00e9s \u00e0 la Zaouiya de Rabat, o\u00f9 repose Sidi Arbi ibn Saih, qu\u2019Allah l\u2019agr\u00e9e.<\/p>\n\n\n\n<p>Au S\u00e9n\u00e9gal<br>\u2022 Feu Sidi Ch\u00e9rif Abdelmoutaleb Tidjani (Dakar), qu\u2019Allah lui fasse mis\u00e9ricorde.<\/p>\n\n\n\n<p>En France et en Europe<br>\u2022 Le serviteur et humble esclave en Dieu, Mohammed El Mansour El Mohiedine Tijani, repr\u00e9sentant officiel du Khalife mondial, par la gr\u00e2ce et la mis\u00e9ricorde d\u2019Allah.<\/p>\n\n\n\n<p>Port\u00e9s par un amour profond et une sinc\u00e8re d\u00e9votion envers Se\u00efdina Cheikh Ahmed Tidjani (qu\u2019Allah l\u2019agr\u00e9e), ils ont l\u2019honneur et le privil\u00e8ge de pr\u00e9senter :<\/p>\n\n\n\n<p><a href=\"https:\/\/tidjaniya.com\/\">TIDJANIYA.COM<\/a>, LE SITE OFFICIEL DE LA TARIQA TIDJANIYA.<\/p>\n\n\n\n<p><\/p>\n","protected":false},"excerpt":{"rendered":"<p>Avec la b\u00e9n\u00e9diction et la coop\u00e9ration de la noble Famille Tidjani \u00e0 travers le monde : En Alg\u00e9rie\u2022 L\u2019actuel Khalife mondial, Sidi Ch\u00e9rif Ali Bel \u2018Arbi Tidjani (A\u00efn Madhi).\u2022 Ses deux illustres pr\u00e9d\u00e9cesseurs, Sidi Ch\u00e9rif El Hajj M\u2019hammed Tidjani et Sidi Ch\u00e9rif Abdeljabbar Tidjani (A\u00efn Madhi), qu\u2019Allah les agr\u00e9e.\u2022 Sidi Ch\u00e9rif Mohamed El Habib Tidjani, [&hellip;]<\/p>\n","protected":false},"author":1,"featured_media":0,"parent":0,"menu_order":0,"comment_status":"closed","ping_status":"closed","template":"","meta":{"_uag_custom_page_level_css":"","footnotes":""},"class_list":["post-3725","page","type-page","status-publish","hentry"],"blocksy_meta":[],"featured_image_urls_v2":{"full":"","thumbnail":"","medium":"","medium_large":"","large":"","1536x1536":"","2048x2048":""},"post_excerpt_stackable_v2":"<p>Slide 1Tidjaniya.comSITE OFFICIEL Avec la b\u00e9n\u00e9diction et la coop\u00e9ration de la noble Famille Tidjani \u00e0 travers le monde : En Alg\u00e9rie\u2022 L\u2019actuel Khalife mondial, Sidi Ch\u00e9rif Ali Bel \u2018Arbi Tidjani (A\u00efn Madhi).\u2022 Ses deux illustres pr\u00e9d\u00e9cesseurs, Sidi Ch\u00e9rif El Hajj M\u2019hammed Tidjani et Sidi Ch\u00e9rif Abdeljabbar Tidjani (A\u00efn Madhi), qu\u2019Allah les agr\u00e9e.\u2022 Sidi Ch\u00e9rif Mohamed El Habib Tidjani, fils a\u00een\u00e9 et assistant du pr\u00e9c\u00e9dent Khalife mondial (A\u00efn Madhi).\u2022 Feu Sidi Ben Ramdhan, moqaddam et responsable d\u2019Abou Semghoune, sage et \u00e9rudit, qu\u2019Allah lui accorde Sa mis\u00e9ricorde. Au Maroc\u2022 Sidi Ch\u00e9rif Mohammed El Kabir Tidjani, repr\u00e9sentant de la Tariqa Tidjaniya et de\u2026<\/p>\n","category_list_v2":"","author_info_v2":{"name":"webmastertidjaniyafrancais","url":"https:\/\/tidjaniya.com\/fr\/author\/webmastertidjaniyafrancais\/"},"comments_num_v2":"0 commentaire","uagb_featured_image_src":{"full":false,"thumbnail":false,"medium":false,"medium_large":false,"large":false,"1536x1536":false,"2048x2048":false},"uagb_author_info":{"display_name":"webmastertidjaniyafrancais","author_link":"https:\/\/tidjaniya.com\/fr\/author\/webmastertidjaniyafrancais\/"},"uagb_comment_info":0,"uagb_excerpt":"Avec la b\u00e9n\u00e9diction et la coop\u00e9ration de la noble Famille Tidjani \u00e0 travers le monde : En Alg\u00e9rie\u2022 L\u2019actuel Khalife mondial, Sidi Ch\u00e9rif Ali Bel \u2018Arbi Tidjani (A\u00efn Madhi).\u2022 Ses deux illustres pr\u00e9d\u00e9cesseurs, Sidi Ch\u00e9rif El Hajj M\u2019hammed Tidjani et Sidi Ch\u00e9rif Abdeljabbar Tidjani (A\u00efn Madhi), qu\u2019Allah les agr\u00e9e.\u2022 Sidi Ch\u00e9rif Mohamed El Habib Tidjani,\u2026","_links":{"self":[{"href":"https:\/\/tidjaniya.com\/fr\/wp-json\/wp\/v2\/pages\/3725","targetHints":{"allow":["GET"]}}],"collection":[{"href":"https:\/\/tidjaniya.com\/fr\/wp-json\/wp\/v2\/pages"}],"about":[{"href":"https:\/\/tidjaniya.com\/fr\/wp-json\/wp\/v2\/types\/page"}],"author":[{"embeddable":true,"href":"https:\/\/tidjaniya.com\/fr\/wp-json\/wp\/v2\/users\/1"}],"replies":[{"embeddable":true,"href":"https:\/\/tidjaniya.com\/fr\/wp-json\/wp\/v2\/comments?post=3725"}],"version-history":[{"count":5,"href":"https:\/\/tidjaniya.com\/fr\/wp-json\/wp\/v2\/pages\/3725\/revisions"}],"predecessor-version":[{"id":4279,"href":"https:\/\/tidjaniya.com\/fr\/wp-json\/wp\/v2\/pages\/3725\/revisions\/4279"}],"wp:attachment":[{"href":"https:\/\/tidjaniya.com\/fr\/wp-json\/wp\/v2\/media?parent=3725"}],"curies":[{"name":"wp","href":"https:\/\/api.w.org\/{rel}","templated":true}]}}