{"id":3731,"date":"2021-05-03T03:02:30","date_gmt":"2021-05-03T01:02:30","guid":{"rendered":"https:\/\/tidjaniya.com\/fr\/?page_id=3731"},"modified":"2021-05-03T03:02:31","modified_gmt":"2021-05-03T01:02:31","slug":"mentions-legales","status":"publish","type":"page","link":"https:\/\/tidjaniya.com\/fr\/mentions-legales\/","title":{"rendered":"Mentions L\u00e9gales"},"content":{"rendered":"\n<p>Le site Internet Tidjaniya.com est g\u00e9r\u00e9 par la Zawiya Tidjaniya El Koubra d&rsquo;Europe \u00e0 Lyon, France.<\/p>\n\n\n\n<p>D&rsquo;importants travaux et des d\u00e9marches administratives sont en cours pour \u00eatre autoris\u00e9 par la loi \u00e0 accueillir du public. Nous sommes donc oblig\u00e9s de communiquer notre adresse pr\u00e9cise plus tard. Vous pouvez contacter la Zawiya Tidjaniya El Koubra d&rsquo;Europe \u00e0 Lyon par t\u00e9l\u00e9phone au +33 4 78 67 42 58 ou par email \u00e0 contact@tidjaniya.com ou encore \u00e0 conception.web@tidjaniya.com<\/p>\n\n\n\n<p>Le site Internet Tidjaniya.com est h\u00e9berg\u00e9 sur les serveurs de la soci\u00e9t\u00e9 o2switch, 222-224 Boulevard Gustave Flaubert 63000 Clermont-Ferrand, en France.<\/p>\n\n\n\n<p>Le contenu de Tidjaniya.com est la propri\u00e9t\u00e9 exclusive de la Zawiya Tidjaniya El Koubra d&rsquo;Europe \u00e0 Lyon. Toute reproduction totale ou partielle du contenu sans autorisation explicite est donc prohib\u00e9e, sous peine de poursuites.<\/p>\n\n\n\n<p>Tidjaniya.com ne peut \u00eatre tenu pour responsable de l&rsquo;interpr\u00e9tation et de l&rsquo;utilisation du contenu du site, ou de la nature du contenu des sites cibl\u00e9s par les liens sortants ou entrants.&nbsp;<\/p>\n\n\n\n<p>Ce site utilise des cookies. Un \u00ab\u00a0cookie\u00a0\u00bb est une information qu&rsquo;un site internet envoie \u00e0 votre navigateur. Il aide le site \u00e0 m\u00e9moriser des informations sur vous ou vos pr\u00e9f\u00e9rences pour faciliter votre navigation sur le site. Le cookie nous aide aussi \u00e0 \u00e9tablir les statistiques de fr\u00e9quentation et d&rsquo;utilisation de notre site. Nous n&rsquo;utilisons pas l&rsquo;information rapport\u00e9e par les cookies \u00e0 des fins \u00e9trang\u00e8res \u00e0 ce site.&nbsp;<\/p>\n\n\n\n<p>Pour refuser les cookies,&nbsp;il faut vous rendre dans les param\u00e8tres de votre navigateur.&nbsp;&nbsp;<\/p>\n\n\n\n<p>Les internautes ont la possibilit\u00e9 de faire exercer leurs droits en \u00e9crivant \u00e0&nbsp;conception.web@tidjaniya.com<\/p>\n","protected":false},"excerpt":{"rendered":"<p>Le site Internet Tidjaniya.com est g\u00e9r\u00e9 par la Zawiya Tidjaniya El Koubra d&rsquo;Europe \u00e0 Lyon, France. D&rsquo;importants travaux et des d\u00e9marches administratives sont en cours pour \u00eatre autoris\u00e9 par la loi \u00e0 accueillir du public. Nous sommes donc oblig\u00e9s de communiquer notre adresse pr\u00e9cise plus tard. Vous pouvez contacter la Zawiya Tidjaniya El Koubra d&rsquo;Europe [&hellip;]<\/p>\n","protected":false},"author":1,"featured_media":0,"parent":0,"menu_order":0,"comment_status":"closed","ping_status":"closed","template":"","meta":{"_uag_custom_page_level_css":"","footnotes":""},"class_list":["post-3731","page","type-page","status-publish","hentry"],"blocksy_meta":[],"featured_image_urls_v2":{"full":"","thumbnail":"","medium":"","medium_large":"","large":"","1536x1536":"","2048x2048":""},"post_excerpt_stackable_v2":"<p>Le site Internet Tidjaniya.com est g\u00e9r\u00e9 par la Zawiya Tidjaniya El Koubra d&rsquo;Europe \u00e0 Lyon, France. D&rsquo;importants travaux et des d\u00e9marches administratives sont en cours pour \u00eatre autoris\u00e9 par la loi \u00e0 accueillir du public. Nous sommes donc oblig\u00e9s de communiquer notre adresse pr\u00e9cise plus tard. Vous pouvez contacter la Zawiya Tidjaniya El Koubra d&rsquo;Europe \u00e0 Lyon par t\u00e9l\u00e9phone au +33 4 78 67 42 58 ou par email \u00e0 contact@tidjaniya.com ou encore \u00e0 conception.web@tidjaniya.com Le site Internet Tidjaniya.com est h\u00e9berg\u00e9 sur les serveurs de la soci\u00e9t\u00e9 o2switch, 222-224 Boulevard Gustave Flaubert 63000 Clermont-Ferrand, en France. Le contenu de Tidjaniya.com\u2026<\/p>\n","category_list_v2":"","author_info_v2":{"name":"webmastertidjaniyafrancais","url":"https:\/\/tidjaniya.com\/fr\/author\/webmastertidjaniyafrancais\/"},"comments_num_v2":"0 commentaire","uagb_featured_image_src":{"full":false,"thumbnail":false,"medium":false,"medium_large":false,"large":false,"1536x1536":false,"2048x2048":false},"uagb_author_info":{"display_name":"webmastertidjaniyafrancais","author_link":"https:\/\/tidjaniya.com\/fr\/author\/webmastertidjaniyafrancais\/"},"uagb_comment_info":0,"uagb_excerpt":"Le site Internet Tidjaniya.com est g\u00e9r\u00e9 par la Zawiya Tidjaniya El Koubra d&rsquo;Europe \u00e0 Lyon, France. D&rsquo;importants travaux et des d\u00e9marches administratives sont en cours pour \u00eatre autoris\u00e9 par la loi \u00e0 accueillir du public. Nous sommes donc oblig\u00e9s de communiquer notre adresse pr\u00e9cise plus tard. Vous pouvez contacter la Zawiya Tidjaniya El Koubra d&rsquo;Europe\u2026","_links":{"self":[{"href":"https:\/\/tidjaniya.com\/fr\/wp-json\/wp\/v2\/pages\/3731","targetHints":{"allow":["GET"]}}],"collection":[{"href":"https:\/\/tidjaniya.com\/fr\/wp-json\/wp\/v2\/pages"}],"about":[{"href":"https:\/\/tidjaniya.com\/fr\/wp-json\/wp\/v2\/types\/page"}],"author":[{"embeddable":true,"href":"https:\/\/tidjaniya.com\/fr\/wp-json\/wp\/v2\/users\/1"}],"replies":[{"embeddable":true,"href":"https:\/\/tidjaniya.com\/fr\/wp-json\/wp\/v2\/comments?post=3731"}],"version-history":[{"count":1,"href":"https:\/\/tidjaniya.com\/fr\/wp-json\/wp\/v2\/pages\/3731\/revisions"}],"predecessor-version":[{"id":3733,"href":"https:\/\/tidjaniya.com\/fr\/wp-json\/wp\/v2\/pages\/3731\/revisions\/3733"}],"wp:attachment":[{"href":"https:\/\/tidjaniya.com\/fr\/wp-json\/wp\/v2\/media?parent=3731"}],"curies":[{"name":"wp","href":"https:\/\/api.w.org\/{rel}","templated":true}]}}