{"id":4438,"date":"2025-07-04T04:09:33","date_gmt":"2025-07-04T02:09:33","guid":{"rendered":"https:\/\/tidjaniya.com\/fr\/?page_id=4438"},"modified":"2025-07-04T04:15:51","modified_gmt":"2025-07-04T02:15:51","slug":"madrassa-ahmediya-enfants","status":"publish","type":"page","link":"https:\/\/tidjaniya.com\/fr\/madrassa-ahmediya-enfants\/","title":{"rendered":"Madrassa Ahmediya Enfants"},"content":{"rendered":"<div class=\"n2_clear\"><ss3-force-full-width data-overflow-x=\"body\" data-horizontal-selector=\"body\"><div class=\"n2-section-smartslider fitvidsignore  n2_clear\" data-ssid=\"23\" tabindex=\"0\" role=\"region\" aria-label=\"Slider\"><div id=\"n2-ss-23-align\" class=\"n2-ss-align\"><div class=\"n2-padding\"><div id=\"n2-ss-23\" data-creator=\"Smart Slider 3\" data-responsive=\"fullwidth\" class=\"n2-ss-slider n2-ow n2-has-hover n2notransition  \">\n        <div class=\"n2-ss-slider-1 n2_ss__touch_element n2-ow\">\n            <div class=\"n2-ss-slider-2 n2-ow\">\n                                                <div class=\"n2-ss-slider-3 n2-ow\">\n\n                    <div class=\"n2-ss-slide-backgrounds n2-ow-all\"><div class=\"n2-ss-slide-background\" data-public-id=\"1\" data-mode=\"fill\"><div class=\"n2-ss-slide-background-image\" data-blur=\"0\" data-opacity=\"15\" data-x=\"47\" data-y=\"86\" data-alt=\"\" data-title=\"\" style=\"opacity:0.15;--ss-o-pos-x:47%;--ss-o-pos-y:86%\"><picture class=\"skip-lazy\" data-skip-lazy=\"1\"><img decoding=\"async\" src=\"\/\/tidjaniya.com\/fr\/wp-content\/uploads\/2021\/04\/khalwa-ahmed-tidjani-boussemghoune-1.jpg\" alt=\"\" title=\"\" loading=\"lazy\" class=\"skip-lazy\" data-skip-lazy=\"1\"><\/picture><\/div><div data-gradient=\"horizontal\" data-color-start=\"RGBA(1,27,46,1)\" data-color-end=\"RGBA(255,255,255,1)\" style=\"background:linear-gradient(to right, RGBA(1,27,46,1) 0%,RGBA(255,255,255,1) 100%);\" class=\"n2-ss-slide-background-color\"><\/div><\/div><\/div>                    <div class=\"n2-ss-slider-4 n2-ow\">\n                        <svg xmlns=\"http:\/\/www.w3.org\/2000\/svg\" viewBox=\"0 0 1200 700\" data-related-device=\"desktopPortrait\" class=\"n2-ow n2-ss-preserve-size n2-ss-preserve-size--slider n2-ss-slide-limiter\"><\/svg><div data-first=\"1\" data-slide-duration=\"0\" data-id=\"106\" data-slide-public-id=\"1\" data-title=\"Slide 2\" class=\"n2-ss-slide n2-ow  n2-ss-slide-106\"><div role=\"note\" class=\"n2-ss-slide--focus\" tabindex=\"-1\">Slide 2<\/div><div class=\"n2-ss-layers-container n2-ss-slide-limiter n2-ow\"><div class=\"n2-ss-layer n2-ow n-uc-drlt9ztwsWHC\" data-sstype=\"slide\" data-pm=\"default\"><div class=\"n2-ss-layer n2-ow n-uc-AxlAsEyWS0hx\" data-pm=\"default\" data-sstype=\"content\" data-hasbackground=\"0\"><div class=\"n2-ss-section-main-content n2-ss-layer-with-background n2-ss-layer-content n2-ow n-uc-AxlAsEyWS0hx-inner\"><div class=\"n2-ss-layer n2-ow n2-ss-layer--block n2-ss-has-self-align n-uc-lN8n10M5VX2c\" data-pm=\"normal\" data-sstype=\"row\"><div class=\"n2-ss-layer-row n2-ss-layer-with-background n-uc-lN8n10M5VX2c-inner\"><div class=\"n2-ss-layer-row-inner \"><div class=\"n2-ss-layer n2-ow n-uc-kp2IqHRW4zDS\" data-pm=\"default\" data-sstype=\"col\"><div class=\"n2-ss-layer-col n2-ss-layer-with-background n2-ss-layer-content n-uc-kp2IqHRW4zDS-inner\"><div class=\"n2-ss-layer n2-ow n-uc-ThNL7Zr6ob37\" data-pm=\"normal\" data-animv2=\"{&quot;specialZero&quot;:0,&quot;basic&quot;:{&quot;in&quot;:{&quot;keyFrames&quot;:[{&quot;opacity&quot;:0,&quot;x&quot;:&quot;50&quot;}]}}}\" data-sstype=\"layer\"><div id=\"n2-ss-23item1\" class=\"n2-font-d0dd8546aea8c689dc91d6ac8c07cc14-hover   n2-ss-item-content n2-ss-text n2-ow\" style=\"display:block;\">Madrassa Ahmediya<\/div><\/div><div class=\"n2-ss-layer n2-ow n-uc-14d471ffff9d7\" data-pm=\"normal\" data-animv2=\"{&quot;specialZero&quot;:0,&quot;basic&quot;:{&quot;in&quot;:{&quot;keyFrames&quot;:[{&quot;opacity&quot;:0,&quot;x&quot;:&quot;50&quot;}]}}}\" data-sstype=\"layer\"><div id=\"n2-ss-23item2\" class=\"n2-font-df050ffce054ef3d4e622f76ae96f6e8-hover   n2-ss-item-content n2-ss-text n2-ow\" style=\"display:block;\">Enfants<\/div><\/div><div class=\"n2-ss-layer n2-ow n-uc-BjhB8tEixacY\" data-pm=\"normal\" data-animv2=\"{&quot;specialZero&quot;:0,&quot;basic&quot;:{&quot;in&quot;:{&quot;keyFrames&quot;:[{&quot;delay&quot;:0.299999999999999988897769753748434595763683319091796875,&quot;opacity&quot;:0,&quot;x&quot;:&quot;50&quot;}]}}}\" data-sstype=\"layer\"><div id=\"n2-ss-23item3\" class=\"n2-font-6b72ce9b4fa02aa8c77a8c27c1bd97d0-hover   n2-ss-item-content n2-ss-text n2-ow\" style=\"display:block;\">Fi Haqqi Tariqa Tidjaniya<\/div><\/div><div class=\"n2-ss-layer n2-ow n-uc-6gI4voD6F1Wy\" data-pm=\"normal\" data-animv2=\"{&quot;specialZero&quot;:0,&quot;basic&quot;:{&quot;in&quot;:{&quot;keyFrames&quot;:[{&quot;delay&quot;:0.59999999999999997779553950749686919152736663818359375,&quot;opacity&quot;:0,&quot;x&quot;:&quot;50&quot;}]}}}\" data-sstype=\"layer\"><div class=\"n2-ss-item-content n2-ss-text n2-ow-all\"><div data-hide-desktoplandscape=\"1\" data-hide-desktopportrait=\"1\" data-hide-tabletlandscape=\"1\" data-hide-tabletportrait=\"1\"><p class=\"n2-font-b0ea7e2e30087f72fd60ba4b7c9e3954-paragraph   \">Dans la v\u00e9rit\u00e9 de la Tariqa Tidjaniya<\/p>\n<\/div><div class=\"\" data-hide-desktoplandscape=\"1\" data-hide-desktopportrait=\"1\" data-hide-mobilelandscape=\"1\" data-hide-mobileportrait=\"1\"><p class=\"n2-font-b0ea7e2e30087f72fd60ba4b7c9e3954-paragraph  \">Dans la v\u00e9rit\u00e9 de la Tariqa Tidjaniya<\/p>\n<\/div><div class=\"\" data-hide-mobilelandscape=\"1\" data-hide-mobileportrait=\"1\" data-hide-tabletlandscape=\"1\" data-hide-tabletportrait=\"1\"><p class=\"n2-font-b0ea7e2e30087f72fd60ba4b7c9e3954-paragraph   \">Dans la v\u00e9rit\u00e9 de la Tariqa Tidjaniya<\/p>\n<\/div><\/div><\/div><\/div><\/div><div class=\"n2-ss-layer n2-ow n-uc-jPOPU5Op3nUR\" data-pm=\"default\" data-sstype=\"col\"><div class=\"n2-ss-layer-col n2-ss-layer-with-background n2-ss-layer-content n-uc-jPOPU5Op3nUR-inner\"><div class=\"n2-ss-layer n2-ow n-uc-JHB0r7XF72Or\" data-pm=\"absolute\" data-responsiveposition=\"1\" data-desktopportraitleft=\"-54\" data-desktopportraittop=\"16\" data-responsivesize=\"1\" data-desktopportraitwidth=\"658\" data-desktopportraitheight=\"321\" data-desktopportraitalign=\"center\" data-desktopportraitvalign=\"middle\" data-parentid=\"\" data-desktopportraitparentalign=\"center\" data-desktopportraitparentvalign=\"middle\" data-animv2=\"{&quot;basic&quot;:{&quot;in&quot;:{&quot;type&quot;:&quot;basic&quot;,&quot;name&quot;:&quot;Fondu \\\/ encha\\u00een\\u00e9&quot;,&quot;keyFrames&quot;:[{&quot;delay&quot;:2.29999999999999982236431605997495353221893310546875,&quot;opacity&quot;:0}]}}}\" data-sstype=\"layer\"><div class=\" n2-ss-item-image-content n2-ss-item-content n2-ow-all\"><picture class=\"skip-lazy\" data-skip-lazy=\"1\"><img loading=\"lazy\" decoding=\"async\" id=\"n2-ss-23item5\" alt=\"\" class=\"skip-lazy\" width=\"743\" height=\"361\" data-skip-lazy=\"1\" src=\"\/\/tidjaniya.com\/fr\/wp-content\/uploads\/2021\/05\/livre-ouvert-ecriture.png\" \/><\/picture><\/div><\/div><div class=\"n2-ss-layer n2-ow n-uc-8SADIMNhVFND\" data-pm=\"absolute\" data-responsiveposition=\"1\" data-desktopportraitleft=\"-14\" data-desktopportraittop=\"56\" data-responsivesize=\"1\" data-desktopportraitwidth=\"700\" data-desktopportraitheight=\"auto\" data-desktopportraitalign=\"center\" data-desktopportraitvalign=\"middle\" data-parentid=\"\" data-desktopportraitparentalign=\"center\" data-desktopportraitparentvalign=\"middle\" data-animv2=\"{&quot;basic&quot;:{&quot;in&quot;:{&quot;type&quot;:&quot;basic&quot;,&quot;name&quot;:&quot;Fondu \\\/ encha\\u00een\\u00e9&quot;,&quot;keyFrames&quot;:[{&quot;delay&quot;:3.5,&quot;opacity&quot;:0}]}}}\" data-sstype=\"layer\"><div class=\" n2-ss-item-image-content n2-ss-item-content n2-ow-all\"><picture class=\"skip-lazy\" data-skip-lazy=\"1\"><img loading=\"lazy\" decoding=\"async\" id=\"n2-ss-23item6\" alt=\"\" class=\"skip-lazy\" width=\"1000\" height=\"1000\" data-skip-lazy=\"1\" src=\"\/\/tidjaniya.com\/fr\/wp-content\/uploads\/2021\/05\/representation-cheikh-2.png\" \/><\/picture><\/div><\/div><div class=\"n2-ss-layer n2-ow n-uc-yGGqxhz82XIZ\" data-pm=\"normal\" data-animv2=\"{&quot;basic&quot;:{&quot;in&quot;:{&quot;type&quot;:&quot;basic&quot;,&quot;name&quot;:&quot;Fondu \\\/ encha\\u00een\\u00e9 gauche&quot;,&quot;keyFrames&quot;:[{&quot;duration&quot;:1,&quot;delay&quot;:1,&quot;opacity&quot;:0,&quot;x&quot;:400}]},&quot;out&quot;:{&quot;type&quot;:&quot;basic&quot;,&quot;name&quot;:&quot;Fondu \\\/ encha\\u00een\\u00e9&quot;,&quot;keyFrames&quot;:[{&quot;opacity&quot;:0}]}}}\" data-sstype=\"layer\"><div class=\" n2-ss-item-image-content n2-ss-item-content n2-ow-all\"><picture class=\"skip-lazy\" data-skip-lazy=\"1\"><img loading=\"lazy\" decoding=\"async\" id=\"n2-ss-23item7\" alt=\"\" class=\"skip-lazy\" width=\"545\" height=\"370\" data-skip-lazy=\"1\" src=\"\/\/tidjaniya.com\/fr\/wp-content\/uploads\/2021\/04\/livre-ferme.png\" \/><\/picture><\/div><\/div><\/div><\/div><\/div><\/div><\/div><\/div><\/div><\/div><\/div><\/div>                    <\/div>\n\n                                    <\/div>\n            <\/div>\n        <\/div>\n        <\/div><ss3-loader><\/ss3-loader><\/div><\/div><div class=\"n2_clear\"><\/div><\/div><\/ss3-force-full-width><\/div>\n\n\n<div style=\"height:50px\" aria-hidden=\"true\" class=\"wp-block-spacer\"><\/div>\n\n\n\n<h2 class=\"wp-block-heading\">Madrassa Ahmediya pour les <mark style=\"background-color:rgba(0, 0, 0, 0)\" class=\"has-inline-color has-palette-color-2-color\">enfants<\/mark><\/h2>\n\n\n\n<div style=\"height:10px\" aria-hidden=\"true\" class=\"wp-block-spacer\"><\/div>\n\n\n\n\t\t\t<div class=\"wp-block-uagb-post-grid uagb-post-grid dernieres-publications uagb-post__image-position-top uagb-post__image-enabled uagb-block-ab967d3d     uagb-post__items uagb-post__columns-2 is-grid uagb-post__columns-tablet-2 uagb-post__columns-mobile-1 uagb-post__equal-height\" data-total=\"1\" style=\"\">\n\n\t\t\t\t\t\t\t\t\t\t\t\t<article class=\"uagb-post__inner-wrap\">\t\t\t\t\t\t\t\t<h4 class=\"uagb-post__title uagb-post__text\">\n\t\t\t\t<a href=\"https:\/\/tidjaniya.com\/fr\/%f0%9f%8c%b8-a-celui-qui-delaisse-un-conte-pour-les-coeurs-denfants\/\" target=\"_self\" rel=\"bookmark noopener noreferrer\">\ud83c\udf38 \u00c0 celui qui d\u00e9laisse\u2026 \u2013 Un conte pour les c\u0153urs d\u2019enfants<\/a>\n\t\t\t<\/h4>\n\t\t\t\t\t\t<div class='uagb-post__text uagb-post-grid-byline'>\n\t\t\t\t\t\t\t\t<time datetime=\"2025-07-20T20:08:46+02:00\" class=\"uagb-post__date\">\n\t\t\t\t<span class=\"dashicons-calendar dashicons\"><\/span>\t\t\t\t\t20 juillet 2025\t\t\t\t<\/time>\n\t\t\t\t\t\t\t<div class=\"uagb-post__text\">\n\t\t\t\t\t<span class='uagb-post__taxonomy'>\n\t\t\t\t\t\t<span class=\"dashicons-tag dashicons\"><\/span>\t\t\t\t\t\t<a href=\"https:\/\/tidjaniya.com\/fr\/category\/madrassa-ahmediya-enfants\/\">Madrassa Ahmediya Enfants<\/a>\t\t\t\t\t<\/span>\n\t\t\t\t<\/div>\n\t\t\t\t\t\t\t<\/div>\n\t\t\t\t\t\t\t<div class='uagb-post__text uagb-post__excerpt'>\n\t\t\t\t\t<p>Il \u00e9tait une fois, dans un village tranquille entour\u00e9 de palmiers et de fleurs, un petit gar\u00e7on nomm\u00e9 S\u00e2lim. Il aimait beaucoup apprendre des histoires sur le Proph\u00e8te Mu\u1e25ammad \ufdfa&#8230;.\t\t\t\t<\/div>\n\t\t\t\n\t\t\t\t\t\t\t\t\t<\/article>\n\t\t\t\t\t\t\t\t\t\t\t\t\t\t\t\t<article class=\"uagb-post__inner-wrap\">\t\t\t\t\t\t\t\t<h4 class=\"uagb-post__title uagb-post__text\">\n\t\t\t\t<a href=\"https:\/\/tidjaniya.com\/fr\/%f0%9f%8c%bf-le-pont-de-lumiere-un-conte-sur-les-liens-familiaux\/\" target=\"_self\" rel=\"bookmark noopener noreferrer\">\ud83c\udf3f Le Pont de Lumi\u00e8re \u2013 Un conte sur les liens familiaux<\/a>\n\t\t\t<\/h4>\n\t\t\t\t\t\t<div class='uagb-post__text uagb-post-grid-byline'>\n\t\t\t\t\t\t\t\t<time datetime=\"2025-07-18T18:01:39+02:00\" class=\"uagb-post__date\">\n\t\t\t\t<span class=\"dashicons-calendar dashicons\"><\/span>\t\t\t\t\t18 juillet 2025\t\t\t\t<\/time>\n\t\t\t\t\t\t\t<div class=\"uagb-post__text\">\n\t\t\t\t\t<span class='uagb-post__taxonomy'>\n\t\t\t\t\t\t<span class=\"dashicons-tag dashicons\"><\/span>\t\t\t\t\t\t<a href=\"https:\/\/tidjaniya.com\/fr\/category\/madrassa-ahmediya-enfants\/\">Madrassa Ahmediya Enfants<\/a>\t\t\t\t\t<\/span>\n\t\t\t\t<\/div>\n\t\t\t\t\t\t\t<\/div>\n\t\t\t\t\t\t\t<div class='uagb-post__text uagb-post__excerpt'>\n\t\t\t\t\t<p>Il \u00e9tait une fois, dans un paisible village entour\u00e9 d\u2019oliviers, un jeune gar\u00e7on nomm\u00e9 Youssouf. Il avait un c\u0153ur doux, des yeux pleins d\u2019\u00e9toiles, et un amour sinc\u00e8re pour All\u00e2h&#8230;\t\t\t\t<\/div>\n\t\t\t\n\t\t\t\t\t\t\t\t\t<\/article>\n\t\t\t\t\t\t\t\t\t\t\t\t\t\t\t\t<article class=\"uagb-post__inner-wrap\">\t\t\t\t\t\t\t\t<h4 class=\"uagb-post__title uagb-post__text\">\n\t\t\t\t<a href=\"https:\/\/tidjaniya.com\/fr\/%f0%9f%93%9a-%e1%b8%a5assan-le-sage-et-le-pouvoir-de-listighfar\/\" target=\"_self\" rel=\"bookmark noopener noreferrer\">\ud83d\udcda \u1e24assan le Sage et le Pouvoir de l\u2019Istighf\u00e2r<\/a>\n\t\t\t<\/h4>\n\t\t\t\t\t\t<div class='uagb-post__text uagb-post-grid-byline'>\n\t\t\t\t\t\t\t\t<time datetime=\"2025-07-13T16:22:34+02:00\" class=\"uagb-post__date\">\n\t\t\t\t<span class=\"dashicons-calendar dashicons\"><\/span>\t\t\t\t\t13 juillet 2025\t\t\t\t<\/time>\n\t\t\t\t\t\t\t<div class=\"uagb-post__text\">\n\t\t\t\t\t<span class='uagb-post__taxonomy'>\n\t\t\t\t\t\t<span class=\"dashicons-tag dashicons\"><\/span>\t\t\t\t\t\t<a href=\"https:\/\/tidjaniya.com\/fr\/category\/madrassa-ahmediya-enfants\/\">Madrassa Ahmediya Enfants<\/a>\t\t\t\t\t<\/span>\n\t\t\t\t<\/div>\n\t\t\t\t\t\t\t<\/div>\n\t\t\t\t\t\t\t<div class='uagb-post__text uagb-post__excerpt'>\n\t\t\t\t\t<p>Un conte tir\u00e9 de la sagesse des anciens \u2e3b Il \u00e9tait une fois\u2026 \u2026 dans une ville pleine de croyants et de gens simples, un homme connu pour sa sagesse&#8230;\t\t\t\t<\/div>\n\t\t\t\n\t\t\t\t\t\t\t\t\t<\/article>\n\t\t\t\t\t\t\t\t\t\t\t\t\t\t\t\t<article class=\"uagb-post__inner-wrap\">\t\t\t\t\t\t\t\t<h4 class=\"uagb-post__title uagb-post__text\">\n\t\t\t\t<a href=\"https:\/\/tidjaniya.com\/fr\/%f0%9f%90%ba-le-loup-les-deux-mamans-et-lenfant-%f0%9f%91%b6\/\" target=\"_self\" rel=\"bookmark noopener noreferrer\">\ud83d\udc3a Le loup, les deux mamans et l\u2019enfant \ud83d\udc76<\/a>\n\t\t\t<\/h4>\n\t\t\t\t\t\t<div class='uagb-post__text uagb-post-grid-byline'>\n\t\t\t\t\t\t\t\t<time datetime=\"2025-07-13T15:56:13+02:00\" class=\"uagb-post__date\">\n\t\t\t\t<span class=\"dashicons-calendar dashicons\"><\/span>\t\t\t\t\t13 juillet 2025\t\t\t\t<\/time>\n\t\t\t\t\t\t\t<div class=\"uagb-post__text\">\n\t\t\t\t\t<span class='uagb-post__taxonomy'>\n\t\t\t\t\t\t<span class=\"dashicons-tag dashicons\"><\/span>\t\t\t\t\t\t<a href=\"https:\/\/tidjaniya.com\/fr\/category\/madrassa-ahmediya-enfants\/\">Madrassa Ahmediya Enfants<\/a>\t\t\t\t\t<\/span>\n\t\t\t\t<\/div>\n\t\t\t\t\t\t\t<\/div>\n\t\t\t\t\t\t\t<div class='uagb-post__text uagb-post__excerpt'>\n\t\t\t\t\t<p>Salam Cher enfant. \ud83d\udc3a Le loup, les deux mamans et l\u2019enfant \ud83d\udc76 Un conte tir\u00e9 d\u2019un \u1e25ad\u00eeth authentique du Proph\u00e8te Mu\u1e25ammad \ufdfa Il \u00e9tait une fois, deux femmes qui marchaient&#8230;\t\t\t\t<\/div>\n\t\t\t\n\t\t\t\t\t\t\t\t\t<\/article>\n\t\t\t\t\t\t\t\t\t\t\t\t\t\t\t\t<article class=\"uagb-post__inner-wrap\">\t\t\t\t\t\t\t\t<h4 class=\"uagb-post__title uagb-post__text\">\n\t\t\t\t<a href=\"https:\/\/tidjaniya.com\/fr\/%f0%9f%8c%b8-conte-la-femme-sterile-et-la-puissance-du-nom-ar-ra%e1%b8%a5im\/\" target=\"_self\" rel=\"bookmark noopener noreferrer\">\ud83c\udf38 Conte  : La femme st\u00e9rile et la puissance du nom Ar-Ra\u1e25\u00eem<\/a>\n\t\t\t<\/h4>\n\t\t\t\t\t\t<div class='uagb-post__text uagb-post-grid-byline'>\n\t\t\t\t\t\t\t\t<time datetime=\"2025-07-11T22:33:50+02:00\" class=\"uagb-post__date\">\n\t\t\t\t<span class=\"dashicons-calendar dashicons\"><\/span>\t\t\t\t\t11 juillet 2025\t\t\t\t<\/time>\n\t\t\t\t\t\t\t<div class=\"uagb-post__text\">\n\t\t\t\t\t<span class='uagb-post__taxonomy'>\n\t\t\t\t\t\t<span class=\"dashicons-tag dashicons\"><\/span>\t\t\t\t\t\t<a href=\"https:\/\/tidjaniya.com\/fr\/category\/madrassa-ahmediya-enfants\/\">Madrassa Ahmediya Enfants<\/a>\t\t\t\t\t<\/span>\n\t\t\t\t<\/div>\n\t\t\t\t\t\t\t<\/div>\n\t\t\t\t\t\t\t<div class='uagb-post__text uagb-post__excerpt'>\n\t\t\t\t\t<p>Il \u00e9tait une fois, il y a tr\u00e8s longtemps, \u00e0 l\u2019\u00e9poque du noble Proph\u00e8te Moussa (\u2018alayhi s-sal\u00e2m) \u2014 le proph\u00e8te avec qui Allah parlait directement, sans aucun interm\u00e9diaire. Une jeune&#8230;\t\t\t\t<\/div>\n\t\t\t\n\t\t\t\t\t\t\t\t\t<\/article>\n\t\t\t\t\t\t\t\t\t\t\t\t\t\t\t\t<article class=\"uagb-post__inner-wrap\">\t\t\t\t\t\t\t\t<h4 class=\"uagb-post__title uagb-post__text\">\n\t\t\t\t<a href=\"https:\/\/tidjaniya.com\/fr\/le-bien-aime-prophete-%ef%b7%ba-et-la-vieille-dame-malveillante\/\" target=\"_self\" rel=\"bookmark noopener noreferrer\">Le Bien-Aim\u00e9 Proph\u00e8te \ufdfa et la vieille dame malveillante<\/a>\n\t\t\t<\/h4>\n\t\t\t\t\t\t<div class='uagb-post__text uagb-post-grid-byline'>\n\t\t\t\t\t\t\t\t<time datetime=\"2025-07-07T21:19:45+02:00\" class=\"uagb-post__date\">\n\t\t\t\t<span class=\"dashicons-calendar dashicons\"><\/span>\t\t\t\t\t7 juillet 2025\t\t\t\t<\/time>\n\t\t\t\t\t\t\t<div class=\"uagb-post__text\">\n\t\t\t\t\t<span class='uagb-post__taxonomy'>\n\t\t\t\t\t\t<span class=\"dashicons-tag dashicons\"><\/span>\t\t\t\t\t\t<a href=\"https:\/\/tidjaniya.com\/fr\/category\/madrassa-ahmediya-enfants\/\">Madrassa Ahmediya Enfants<\/a>\t\t\t\t\t<\/span>\n\t\t\t\t<\/div>\n\t\t\t\t\t\t\t<\/div>\n\t\t\t\t\t\t\t<div class='uagb-post__text uagb-post__excerpt'>\n\t\t\t\t\t<p>Le Bien-Aim\u00e9 Proph\u00e8te \ufdfa et la vieille dame malveillante (Conte pour enfants) Il \u00e9tait une fois, dans la ville b\u00e9nie de La Mecque,un homme au c\u0153ur si pur qu\u2019il \u00e9tait&#8230;\t\t\t\t<\/div>\n\t\t\t\n\t\t\t\t\t\t\t\t\t<\/article>\n\t\t\t\t\t\t\t\t\t\t\t\t\t\t\t\t<article class=\"uagb-post__inner-wrap\">\t\t\t\t\t\t\t\t<h4 class=\"uagb-post__title uagb-post__text\">\n\t\t\t\t<a href=\"https:\/\/tidjaniya.com\/fr\/%f0%9f%8c%99-le-beau-visiteur-descendu-du-ciel\/\" target=\"_self\" rel=\"bookmark noopener noreferrer\">\ud83c\udf19 Le Beau Visiteur \u2013 Descendu du Ciel<\/a>\n\t\t\t<\/h4>\n\t\t\t\t\t\t<div class='uagb-post__text uagb-post-grid-byline'>\n\t\t\t\t\t\t\t\t<time datetime=\"2025-07-04T19:43:30+02:00\" class=\"uagb-post__date\">\n\t\t\t\t<span class=\"dashicons-calendar dashicons\"><\/span>\t\t\t\t\t4 juillet 2025\t\t\t\t<\/time>\n\t\t\t\t\t\t\t<div class=\"uagb-post__text\">\n\t\t\t\t\t<span class='uagb-post__taxonomy'>\n\t\t\t\t\t\t<span class=\"dashicons-tag dashicons\"><\/span>\t\t\t\t\t\t<a href=\"https:\/\/tidjaniya.com\/fr\/category\/madrassa-ahmediya-enfants\/\">Madrassa Ahmediya Enfants<\/a>\t\t\t\t\t<\/span>\n\t\t\t\t<\/div>\n\t\t\t\t\t\t\t<\/div>\n\t\t\t\t\t\t\t<div class='uagb-post__text uagb-post__excerpt'>\n\t\t\t\t\t<p>Un conte inspir\u00e9 du \u1e25ad\u00eeth de l\u2019ange Jibr\u00eel (que la paix d\u2019All\u00e2h soit sur lui) Il \u00e9tait une fois, dans la belle ville de M\u00e9dine, une noble assembl\u00e9e \u00e9tait r\u00e9unie&#8230;\t\t\t\t<\/div>\n\t\t\t\n\t\t\t\t\t\t\t\t\t<\/article>\n\t\t\t\t\t\t\t\t\t\t\t\t\t\t\t\t<article class=\"uagb-post__inner-wrap\">\t\t\t\t\t\t\t\t<h4 class=\"uagb-post__title uagb-post__text\">\n\t\t\t\t<a href=\"https:\/\/tidjaniya.com\/fr\/%f0%9f%8c%b8-le-jardin-eternel-aux-cinq-cles-%f0%9f%8c%b8\/\" target=\"_self\" rel=\"bookmark noopener noreferrer\">\ud83c\udf38 Le Jardin \u00e9ternel aux Cinq Cl\u00e9s \ud83c\udf38<\/a>\n\t\t\t<\/h4>\n\t\t\t\t\t\t<div class='uagb-post__text uagb-post-grid-byline'>\n\t\t\t\t\t\t\t\t<time datetime=\"2025-07-04T14:48:41+02:00\" class=\"uagb-post__date\">\n\t\t\t\t<span class=\"dashicons-calendar dashicons\"><\/span>\t\t\t\t\t4 juillet 2025\t\t\t\t<\/time>\n\t\t\t\t\t\t\t<div class=\"uagb-post__text\">\n\t\t\t\t\t<span class='uagb-post__taxonomy'>\n\t\t\t\t\t\t<span class=\"dashicons-tag dashicons\"><\/span>\t\t\t\t\t\t<a href=\"https:\/\/tidjaniya.com\/fr\/category\/madrassa-ahmediya-enfants\/\">Madrassa Ahmediya Enfants<\/a>\t\t\t\t\t<\/span>\n\t\t\t\t<\/div>\n\t\t\t\t\t\t\t<\/div>\n\t\t\t\t\t\t\t<div class='uagb-post__text uagb-post__excerpt'>\n\t\t\t\t\t<p>Il \u00e9tait une fois un petit gar\u00e7on nomm\u00e9 Mohammad, qui r\u00eavait de devenir un ami de Dieu. Un matin, dans son r\u00eave, un vieil homme au visage lumineux lui tendit&#8230;\t\t\t\t<\/div>\n\t\t\t\n\t\t\t\t\t\t\t\t\t<\/article>\n\t\t\t\t\t\t\t\t\t\t\t\t\t\t\t\t<article class=\"uagb-post__inner-wrap\">\t\t\t\t\t\t\t\t<h4 class=\"uagb-post__title uagb-post__text\">\n\t\t\t\t<a href=\"https:\/\/tidjaniya.com\/fr\/petit-mais-aime-dallah\/\" target=\"_self\" rel=\"bookmark noopener noreferrer\">Petit, mais aim\u00e9 d\u2019All\u00e2h<\/a>\n\t\t\t<\/h4>\n\t\t\t\t\t\t<div class='uagb-post__text uagb-post-grid-byline'>\n\t\t\t\t\t\t\t\t<time datetime=\"2025-07-04T03:43:41+02:00\" class=\"uagb-post__date\">\n\t\t\t\t<span class=\"dashicons-calendar dashicons\"><\/span>\t\t\t\t\t4 juillet 2025\t\t\t\t<\/time>\n\t\t\t\t\t\t\t<div class=\"uagb-post__text\">\n\t\t\t\t\t<span class='uagb-post__taxonomy'>\n\t\t\t\t\t\t<span class=\"dashicons-tag dashicons\"><\/span>\t\t\t\t\t\t<a href=\"https:\/\/tidjaniya.com\/fr\/category\/madrassa-ahmediya-enfants\/\">Madrassa Ahmediya Enfants<\/a>\t\t\t\t\t<\/span>\n\t\t\t\t<\/div>\n\t\t\t\t\t\t\t<\/div>\n\t\t\t\t\t\t\t<div class='uagb-post__text uagb-post__excerpt'>\n\t\t\t\t\t<p>Fais ton bien avec ton c\u0153ur,Pas besoin d\u2019en faire trop,Un sourire, une pri\u00e8re,Peu\u2026 mais fait avec le beau. Le Proph\u00e8te nous l\u2019a dit,Et son c\u0153ur ne ment jamais :\u00ab Ce&#8230;\t\t\t\t<\/div>\n\t\t\t\n\t\t\t\t\t\t\t\t\t<\/article>\n\t\t\t\t\t\t\t\t\t\t\t\t\t\t\t\t<article class=\"uagb-post__inner-wrap\">\t\t\t\t\t\t\t\t<h4 class=\"uagb-post__title uagb-post__text\">\n\t\t\t\t<a href=\"https:\/\/tidjaniya.com\/fr\/le-voyage-de-lhomme-qui-voulait-changer\/\" target=\"_self\" rel=\"bookmark noopener noreferrer\">Le voyage de l\u2019homme qui voulait changer<\/a>\n\t\t\t<\/h4>\n\t\t\t\t\t\t<div class='uagb-post__text uagb-post-grid-byline'>\n\t\t\t\t\t\t\t\t<time datetime=\"2025-07-04T03:43:31+02:00\" class=\"uagb-post__date\">\n\t\t\t\t<span class=\"dashicons-calendar dashicons\"><\/span>\t\t\t\t\t4 juillet 2025\t\t\t\t<\/time>\n\t\t\t\t\t\t\t<div class=\"uagb-post__text\">\n\t\t\t\t\t<span class='uagb-post__taxonomy'>\n\t\t\t\t\t\t<span class=\"dashicons-tag dashicons\"><\/span>\t\t\t\t\t\t<a href=\"https:\/\/tidjaniya.com\/fr\/category\/madrassa-ahmediya-enfants\/\">Madrassa Ahmediya Enfants<\/a>\t\t\t\t\t<\/span>\n\t\t\t\t<\/div>\n\t\t\t\t\t\t\t<\/div>\n\t\t\t\t\t\t\t<div class='uagb-post__text uagb-post__excerpt'>\n\t\t\t\t\t<p>Il \u00e9tait une fois\u2026 Un homme\u2026Un homme au c\u0153ur lourd\u2026Un homme qui avait fait\u2026 beaucoup de mal. Il avait bless\u00e9\u2026Il avait fait pleurer\u2026Il avait d\u00e9truit. Mais un jour\u2026Il s\u2019est arr\u00eat\u00e9.Il&#8230;\t\t\t\t<\/div>\n\t\t\t\n\t\t\t\t\t\t\t\t\t<\/article>\n\t\t\t\t\t\t\t\t\t\t\t\t\t\t\t\t<article class=\"uagb-post__inner-wrap\">\t\t\t\t\t\t\t\t<h4 class=\"uagb-post__title uagb-post__text\">\n\t\t\t\t<a href=\"https:\/\/tidjaniya.com\/fr\/quand-le-bebe-avance-vers-sa-maman\/\" target=\"_self\" rel=\"bookmark noopener noreferrer\">Quand le b\u00e9b\u00e9 avance vers sa maman<\/a>\n\t\t\t<\/h4>\n\t\t\t\t\t\t<div class='uagb-post__text uagb-post-grid-byline'>\n\t\t\t\t\t\t\t\t<time datetime=\"2025-07-04T03:21:05+02:00\" class=\"uagb-post__date\">\n\t\t\t\t<span class=\"dashicons-calendar dashicons\"><\/span>\t\t\t\t\t4 juillet 2025\t\t\t\t<\/time>\n\t\t\t\t\t\t\t<div class=\"uagb-post__text\">\n\t\t\t\t\t<span class='uagb-post__taxonomy'>\n\t\t\t\t\t\t<span class=\"dashicons-tag dashicons\"><\/span>\t\t\t\t\t\t<a href=\"https:\/\/tidjaniya.com\/fr\/category\/madrassa-ahmediya-enfants\/\">Madrassa Ahmediya Enfants<\/a>\t\t\t\t\t<\/span>\n\t\t\t\t<\/div>\n\t\t\t\t\t\t\t<\/div>\n\t\t\t\t\t\t\t<div class='uagb-post__text uagb-post__excerpt'>\n\t\t\t\t\t<p>Un tout petit b\u00e9b\u00e9\u2026Il voit sa maman au loin\u2026Et doucement, il commence \u00e0 avancer \u00e0 quatre pattes.Un geste\u2026 puis un autre\u2026Il se tra\u00eene, il rampe, il avance doucement\u2026 Et sa&#8230;\t\t\t\t<\/div>\n\t\t\t\n\t\t\t\t\t\t\t\t\t<\/article>\n\t\t\t\t\t\t\t\t\t\t\t<\/div>\n\t\t\t","protected":false},"excerpt":{"rendered":"<p>Madrassa Ahmediya pour les enfants<\/p>\n","protected":false},"author":1,"featured_media":0,"parent":0,"menu_order":0,"comment_status":"closed","ping_status":"closed","template":"","meta":{"_uag_custom_page_level_css":"","footnotes":""},"class_list":["post-4438","page","type-page","status-publish","hentry"],"blocksy_meta":[],"featured_image_urls_v2":{"full":"","thumbnail":"","medium":"","medium_large":"","large":"","1536x1536":"","2048x2048":""},"post_excerpt_stackable_v2":"<p>Slide 2Madrassa AhmediyaEnfantsFi Haqqi Tariqa TidjaniyaDans la v\u00e9rit\u00e9 de la Tariqa Tidjaniya Dans la v\u00e9rit\u00e9 de la Tariqa Tidjaniya Dans la v\u00e9rit\u00e9 de la Tariqa Tidjaniya Madrassa Ahmediya pour les enfants \ud83c\udf38 \u00c0 celui qui d\u00e9laisse\u2026 \u2013 Un conte pour les c\u0153urs d\u2019enfants 20 juillet 2025 Madrassa Ahmediya Enfants Il \u00e9tait une fois, dans un village tranquille entour\u00e9 de palmiers et de fleurs, un petit gar\u00e7on nomm\u00e9 S\u00e2lim. Il aimait beaucoup apprendre des histoires sur le Proph\u00e8te Mu\u1e25ammad \ufdfa&#8230;. \ud83c\udf3f Le Pont de Lumi\u00e8re \u2013 Un conte sur les liens familiaux 18 juillet 2025 Madrassa Ahmediya Enfants Il \u00e9tait une\u2026<\/p>\n","category_list_v2":"","author_info_v2":{"name":"webmastertidjaniyafrancais","url":"https:\/\/tidjaniya.com\/fr\/author\/webmastertidjaniyafrancais\/"},"comments_num_v2":"0 commentaire","uagb_featured_image_src":{"full":false,"thumbnail":false,"medium":false,"medium_large":false,"large":false,"1536x1536":false,"2048x2048":false},"uagb_author_info":{"display_name":"webmastertidjaniyafrancais","author_link":"https:\/\/tidjaniya.com\/fr\/author\/webmastertidjaniyafrancais\/"},"uagb_comment_info":0,"uagb_excerpt":"Madrassa Ahmediya pour les enfants","_links":{"self":[{"href":"https:\/\/tidjaniya.com\/fr\/wp-json\/wp\/v2\/pages\/4438","targetHints":{"allow":["GET"]}}],"collection":[{"href":"https:\/\/tidjaniya.com\/fr\/wp-json\/wp\/v2\/pages"}],"about":[{"href":"https:\/\/tidjaniya.com\/fr\/wp-json\/wp\/v2\/types\/page"}],"author":[{"embeddable":true,"href":"https:\/\/tidjaniya.com\/fr\/wp-json\/wp\/v2\/users\/1"}],"replies":[{"embeddable":true,"href":"https:\/\/tidjaniya.com\/fr\/wp-json\/wp\/v2\/comments?post=4438"}],"version-history":[{"count":9,"href":"https:\/\/tidjaniya.com\/fr\/wp-json\/wp\/v2\/pages\/4438\/revisions"}],"predecessor-version":[{"id":4504,"href":"https:\/\/tidjaniya.com\/fr\/wp-json\/wp\/v2\/pages\/4438\/revisions\/4504"}],"wp:attachment":[{"href":"https:\/\/tidjaniya.com\/fr\/wp-json\/wp\/v2\/media?parent=4438"}],"curies":[{"name":"wp","href":"https:\/\/api.w.org\/{rel}","templated":true}]}}